{"id":1456,"date":"2019-02-07T12:50:12","date_gmt":"2019-02-07T11:50:12","guid":{"rendered":"https:\/\/www.alsocasals.com\/?page_id=1456"},"modified":"2024-02-02T16:59:57","modified_gmt":"2024-02-02T14:59:57","slug":"empresa","status":"publish","type":"page","link":"https:\/\/www.alsocasals.com\/es\/empresa\/","title":{"rendered":"Also Casals: Integramos soluciones innovadoras y sostenibles"},"content":{"rendered":"<p>[et_pb_section fb_built=\u00bb1&#8243; fullwidth=\u00bbon\u00bb module_id=\u00bbcategory-title-row\u00bb _builder_version=\u00bb4.23.4&#8243; _module_preset=\u00bbdefault\u00bb background_color=\u00bb#009de0&#8243; background_image=\u00bbhttps:\/\/www.alsocasals.com\/wp-content\/uploads\/2022\/02\/empresa-slider.jpg\u00bb background_position=\u00bbcenter_right\u00bb locked=\u00bboff\u00bb global_colors_info=\u00bb{}\u00bb][et_pb_fullwidth_post_title meta=\u00bboff\u00bb featured_image=\u00bboff\u00bb admin_label=\u00bbProjectes\u00bb _builder_version=\u00bb4.16&#8243; parallax=\u00bbon\u00bb parallax_method=\u00bboff\u00bb custom_padding=\u00bb||40px|\u00bb locked=\u00bboff\u00bb global_colors_info=\u00bb{}\u00bb][\/et_pb_fullwidth_post_title][\/et_pb_section][et_pb_section fb_built=\u00bb1&#8243; _builder_version=\u00bb4.16&#8243; global_colors_info=\u00bb{}\u00bb][et_pb_row _builder_version=\u00bb4.16&#8243; background_size=\u00bbinitial\u00bb background_position=\u00bbtop_left\u00bb background_repeat=\u00bbrepeat\u00bb global_colors_info=\u00bb{}\u00bb][et_pb_column type=\u00bb4_4&#8243; _builder_version=\u00bb4.16&#8243; custom_padding=\u00bb|||\u00bb global_colors_info=\u00bb{}\u00bb custom_padding__hover=\u00bb|||\u00bb][et_pb_text module_class=\u00bbP-Esquerra\u00bb _builder_version=\u00bb4.16&#8243; global_colors_info=\u00bb{}\u00bb]<\/p>\n<h2>Sus or\u00edgenes<\/h2>\n<p>Also Casals tiene sus or\u00edgenes en la creaci\u00f3n de Also Casals Instal\u00b7lacions en 1999, con el objetivo de satisfacer la demanda de un servicio integral en instalaciones presentes en las Terres de l\u2019Ebre (las 4 comarcas del sur de Catalu\u00f1a), el norte de Castell\u00f3n y el Bajo Arag\u00f3n.<\/p>\n<p>Desde la fecha, el compromiso con la calidad y el esfuerzo por satisfacer las necesidades de nuestros clientes en los sectores industrial, p\u00fablico, particulares y negocios, agrarios y ramadero, nos llev\u00f3 a ofrecer soluciones para cubrir los \u00e1mbitos de electricidad y fontaner\u00eda, construcci\u00f3n, climatizaci\u00f3n, dom\u00f3tica, energ\u00edas renovables, tratamientos de agua, piscinas, riegos, pozos, bombeos, automatizaci\u00f3n e integraci\u00f3n de procesos, iluminaci\u00f3n, interiorismo, transformaci\u00f3n de fincas y granjas.<\/p>\n<p>[\/et_pb_text][\/et_pb_column][\/et_pb_row][et_pb_row column_structure=\u00bb1_2,1_2&#8243; _builder_version=\u00bb4.16&#8243; global_colors_info=\u00bb{}\u00bb][et_pb_column type=\u00bb1_2&#8243; _builder_version=\u00bb4.16&#8243; custom_padding=\u00bb|||\u00bb global_colors_info=\u00bb{}\u00bb custom_padding__hover=\u00bb|||\u00bb][et_pb_text _builder_version=\u00bb4.16&#8243; text_font=\u00bb||||||||\u00bb text_line_height=\u00bb1.8em\u00bb global_colors_info=\u00bb{}\u00bb]<\/p>\n<h2>Crecimiento y desarrollo<\/h2>\n<p>Actualmente nos sentimos muy satisfechos por contar con un equipo humano y una infraestructura que nos permiten afrontar proyectos importantes y de envergadura, integrando soluciones innovadoras, cubriendo todo el territorio catal\u00e1n y zonas de Valencia, Castell\u00f3n y Arag\u00f3n, teniendo como socios a administraciones importantes y grandes empresas del sector industrial.<\/p>\n<p>El proceso de crecimiento y desarrollo de nuestras capacidades, se ha concretado en la creaci\u00f3n de unidades especializadas para atender las necesidades espec\u00edficas de diferentes segmentos de mercados actuales y potenciales que nuestras capacidades pueden asumir, agrupadas bajo la marca Also Casals. Dentro de este proceso se incluye la adquisici\u00f3n en 2019 de Ferros Coll de L\u00b4Alba, S.L.<\/p>\n<p>[\/et_pb_text][\/et_pb_column][et_pb_column type=\u00bb1_2&#8243; _builder_version=\u00bb4.16&#8243; custom_padding=\u00bb|||\u00bb global_colors_info=\u00bb{}\u00bb custom_padding__hover=\u00bb|||\u00bb][et_pb_image src=\u00bbhttps:\/\/www.alsocasals.com\/wp-content\/uploads\/2022\/02\/empresa-meitat-2.jpg\u00bb title_text=\u00bbempresa-meitat-2&#8243; align=\u00bbcenter\u00bb align_tablet=\u00bbcenter\u00bb align_phone=\u00bbcenter\u00bb align_last_edited=\u00bbon|desktop\u00bb _builder_version=\u00bb4.16&#8243; global_colors_info=\u00bb{}\u00bb][\/et_pb_image][\/et_pb_column][\/et_pb_row][et_pb_row _builder_version=\u00bb4.16&#8243; global_colors_info=\u00bb{}\u00bb][et_pb_column type=\u00bb4_4&#8243; _builder_version=\u00bb4.16&#8243; custom_padding=\u00bb|||\u00bb global_colors_info=\u00bb{}\u00bb custom_padding__hover=\u00bb|||\u00bb][et_pb_text _builder_version=\u00bb4.23.4&#8243; text_font=\u00bb||||||||\u00bb text_line_height=\u00bb1.8em\u00bb hover_enabled=\u00bb0&#8243; global_colors_info=\u00bb{}\u00bb sticky_enabled=\u00bb0&#8243;]<\/p>\n<h2>Misi\u00f3n<\/h2>\n<p><strong>Also Casals<\/strong> es una empresa innovadora enfocada principalmente a los sectores industrial, agropecuario y sanitario que ofrece integraci\u00f3n de soluciones en las \u00e1reas de instalaciones, construcci\u00f3n, automatizaci\u00f3n, fabricaci\u00f3n de maquinaria a medida, mantenimiento , mec\u00e1nica y carpinter\u00eda met\u00e1lica, asumiendo proyectos complejos de forma \u00e1gil, con un equipo t\u00e9cnico y especializado, que se anticipa a las necesidades del cliente siendo su partner preferido.<\/p>\n<p>[\/et_pb_text][\/et_pb_column][\/et_pb_row][et_pb_row _builder_version=\u00bb4.16&#8243; global_colors_info=\u00bb{}\u00bb][et_pb_column type=\u00bb4_4&#8243; _builder_version=\u00bb4.16&#8243; custom_padding=\u00bb|||\u00bb global_colors_info=\u00bb{}\u00bb custom_padding__hover=\u00bb|||\u00bb][et_pb_image src=\u00bbhttps:\/\/www.alsocasals.com\/wp-content\/uploads\/2019\/03\/oficines.jpg\u00bb align=\u00bbcenter\u00bb align_tablet=\u00bbcenter\u00bb align_phone=\u00bbcenter\u00bb align_last_edited=\u00bbon|desktop\u00bb _builder_version=\u00bb4.16&#8243; global_colors_info=\u00bb{}\u00bb][\/et_pb_image][et_pb_text _builder_version=\u00bb4.23.4&#8243; text_font=\u00bb||||||||\u00bb text_line_height=\u00bb1.8em\u00bb custom_margin=\u00bb||||false|false\u00bb custom_padding=\u00bb20px||||false|false\u00bb global_colors_info=\u00bb{}\u00bb]<\/p>\n<h2>Valores<\/h2>\n<p>[\/et_pb_text][\/et_pb_column][\/et_pb_row][et_pb_row column_structure=\u00bb1_2,1_2&#8243; _builder_version=\u00bb4.23.4&#8243; _module_preset=\u00bbdefault\u00bb custom_margin=\u00bb0px||||false|false\u00bb custom_padding=\u00bb0px||||false|false\u00bb global_colors_info=\u00bb{}\u00bb][et_pb_column type=\u00bb1_2&#8243; _builder_version=\u00bb4.23.4&#8243; _module_preset=\u00bbdefault\u00bb global_colors_info=\u00bb{}\u00bb][et_pb_blurb title=\u00bbPROFESIONALIDAD Y VOCACI\u00d3N DE SERVICIO\u00bb use_icon=\u00bbon\u00bb font_icon=\u00bb&#xf559;||fa||900&#8243; icon_color=\u00bbgcid-f4de1ee8-3e25-4797-8ee8-1db9d3b7f8a6&#8243; icon_placement=\u00bbleft\u00bb _builder_version=\u00bb4.23.4&#8243; _module_preset=\u00bbdefault\u00bb header_text_color=\u00bbgcid-f4de1ee8-3e25-4797-8ee8-1db9d3b7f8a6&#8243; global_colors_info=\u00bb{%22gcid-f4de1ee8-3e25-4797-8ee8-1db9d3b7f8a6%22:%91%22icon_color%22,%22header_text_color%22%93}\u00bb]<\/p>\n<p>Ejercer el trabajo con pericia, seriedad, honradez, responsabilidad, pasi\u00f3n, consiguiendo la excelencia en todo lo que hacemos.<\/p>\n<p>[\/et_pb_blurb][et_pb_blurb title=\u00bbINNOVACI\u00d3N, APRENDIZAJE Y PROACTIVIDAD\u00bb use_icon=\u00bbon\u00bb font_icon=\u00bb&#xe072;||divi||400&#8243; icon_color=\u00bbgcid-f4de1ee8-3e25-4797-8ee8-1db9d3b7f8a6&#8243; icon_placement=\u00bbleft\u00bb _builder_version=\u00bb4.23.4&#8243; _module_preset=\u00bbdefault\u00bb header_text_color=\u00bbgcid-f4de1ee8-3e25-4797-8ee8-1db9d3b7f8a6&#8243; global_colors_info=\u00bb{%22gcid-f4de1ee8-3e25-4797-8ee8-1db9d3b7f8a6%22:%91%22icon_color%22,%22header_text_color%22%93}\u00bb]<\/p>\n<p>Potenciar la formaci\u00f3n y el aprendizaje continuo, indispensable para la innovaci\u00f3n, introduciendo avances tecnol\u00f3gicos en las \u00e1reas productivas y de gesti\u00f3n.<\/p>\n<p>[\/et_pb_blurb][et_pb_blurb title=\u00bbCOMPROMISO SOCIAL, AMBIENTAL Y CORPORATIVO\u00bb use_icon=\u00bbon\u00bb font_icon=\u00bb&#xf2b5;||fa||900&#8243; icon_color=\u00bbgcid-f4de1ee8-3e25-4797-8ee8-1db9d3b7f8a6&#8243; icon_placement=\u00bbleft\u00bb _builder_version=\u00bb4.23.4&#8243; _module_preset=\u00bbdefault\u00bb header_text_color=\u00bbgcid-f4de1ee8-3e25-4797-8ee8-1db9d3b7f8a6&#8243; global_colors_info=\u00bb{%22gcid-f4de1ee8-3e25-4797-8ee8-1db9d3b7f8a6%22:%91%22icon_color%22,%22header_text_color%22%93}\u00bb]<\/p>\n<p>Ofrecer soluciones en beneficio la sostenibilidad econ\u00f3mica, ambiental, social y personal.<\/p>\n<p>[\/et_pb_blurb][\/et_pb_column][et_pb_column type=\u00bb1_2&#8243; _builder_version=\u00bb4.23.4&#8243; _module_preset=\u00bbdefault\u00bb global_colors_info=\u00bb{}\u00bb][et_pb_blurb title=\u00bbTRABAJO EN EQUIPO\u00bb use_icon=\u00bbon\u00bb font_icon=\u00bb&#xf509;||fa||900&#8243; icon_color=\u00bbgcid-f4de1ee8-3e25-4797-8ee8-1db9d3b7f8a6&#8243; icon_placement=\u00bbleft\u00bb _builder_version=\u00bb4.23.4&#8243; _module_preset=\u00bbdefault\u00bb header_text_color=\u00bbgcid-f4de1ee8-3e25-4797-8ee8-1db9d3b7f8a6&#8243; global_colors_info=\u00bb{%22gcid-f4de1ee8-3e25-4797-8ee8-1db9d3b7f8a6%22:%91%22icon_color%22,%22header_text_color%22%93}\u00bb]<\/p>\n<p>Capacidad de aprovechar de forma conjunta con \u00e9nfasis en la integraci\u00f3n de soluciones y generaci\u00f3n de productos propios<\/p>\n<p>[\/et_pb_blurb][et_pb_blurb title=\u00bbLIDERAZGO RESONANTE Y EMPRENDEDOR\u00bb use_icon=\u00bbon\u00bb font_icon=\u00bb&#xf135;||fa||900&#8243; icon_color=\u00bbgcid-f4de1ee8-3e25-4797-8ee8-1db9d3b7f8a6&#8243; icon_placement=\u00bbleft\u00bb _builder_version=\u00bb4.23.4&#8243; _module_preset=\u00bbdefault\u00bb header_text_color=\u00bbgcid-f4de1ee8-3e25-4797-8ee8-1db9d3b7f8a6&#8243; global_colors_info=\u00bb{%22gcid-f4de1ee8-3e25-4797-8ee8-1db9d3b7f8a6%22:%91%22icon_color%22,%22header_text_color%22%93}\u00bb]<\/p>\n<p>Estimularlos y movilizar a los miembros de la organizaci\u00f3n en funci\u00f3n de los objetivos de la empresa y la b\u00fasqueda constante de nuevas soluciones, fomentando el emprendimiento.<\/p>\n<p>[\/et_pb_blurb][\/et_pb_column][\/et_pb_row][et_pb_row column_structure=\u00bb1_2,1_2&#8243; disabled_on=\u00bbon|on|on\u00bb module_id=\u00bbempresa-blurb-row\u00bb _builder_version=\u00bb4.23.4&#8243; disabled=\u00bbon\u00bb global_colors_info=\u00bb{}\u00bb][et_pb_column type=\u00bb1_2&#8243; _builder_version=\u00bb4.16&#8243; custom_padding=\u00bb|||\u00bb global_colors_info=\u00bb{}\u00bb custom_padding__hover=\u00bb|||\u00bb][et_pb_blurb title=\u00bbUnidades de Negocios\u00bb module_class=\u00bbP-Esquerra\u00bb _builder_version=\u00bb4.16&#8243; header_level=\u00bbh2&#8243; global_colors_info=\u00bb{}\u00bb]<\/p>\n<p>Para dar cumplimiento a las metas derivadas de la Misi\u00f3n, Also Casals cuenta con las unidades de negocios siguientes:<\/p>\n<ul class=\"bullet\">\n<li>AC Instal\u00b7lacions<\/li>\n<li>AC Technologies<\/li>\n<li>AC Construcci\u00f3<\/li>\n<li>AC Amiant<\/li>\n<li>AC Manteniment (donde se incluye AC Legionel.la)<\/li>\n<li>AC Ferros Coll de l\u2019Alba<\/li>\n<\/ul>\n<p>Estas unidades de negocios son complementadas por 5 departamentos de soporte que garantizan los esfuerzos necesarios para aprovechar las sinergias y afrontar de forma \u00e1gil proyectos complejos y de envergadura.<\/p>\n<p>[\/et_pb_blurb][\/et_pb_column][et_pb_column type=\u00bb1_2&#8243; _builder_version=\u00bb4.16&#8243; custom_padding=\u00bb|||\u00bb global_colors_info=\u00bb{}\u00bb custom_padding__hover=\u00bb|||\u00bb][et_pb_blurb title=\u00bbValores\u00bb module_class=\u00bbP-Esquerra\u00bb _builder_version=\u00bb4.16&#8243; header_level=\u00bbh2&#8243; global_colors_info=\u00bb{}\u00bb]<\/p>\n<ul class=\"bullet\">\n<li><strong>Profesionalidad: <\/strong>Ejercicio excelente de la profesi\u00f3n de cada persona, demostrando respeto por el trabajo, vivenci\u00e1ndolo con compromiso y responsabilidad.<\/li>\n<li><strong>Inconformismo: <\/strong>teniendo presente la b\u00fasqueda de un \u201cmejor modo\u201d de hacer las actuaciones.<\/li>\n<li><strong>Innovaci\u00f3n: <\/strong>Buscar siempre nuevos productos, servicios y sistemas de gesti\u00f3n para seguir siendo l\u00edderes.<\/li>\n<li><strong>Sostenibilidad <\/strong>como valor de esta empresa sustentado por sus 4 pilares: econ\u00f3mica, personal, social y ambiental.<\/li>\n<li><strong>Liderazgo y emprendimiento:<\/strong> provocar el cambio y garantizar un futuro mejor.<\/li>\n<\/ul>\n<p>[\/et_pb_blurb][\/et_pb_column][\/et_pb_row][\/et_pb_section][et_pb_section fb_built=\u00bb1&#8243; module_id=\u00bbfull-width-image-row\u00bb module_class=\u00bbempresa__maquinaria\u00bb _builder_version=\u00bb4.16&#8243; background_image=\u00bbhttps:\/\/www.alsocasals.com\/wp-content\/uploads\/2018\/04\/equip-huma.jpg\u00bb global_colors_info=\u00bb{}\u00bb][et_pb_row _builder_version=\u00bb4.16&#8243; background_size=\u00bbinitial\u00bb background_position=\u00bbtop_left\u00bb background_repeat=\u00bbrepeat\u00bb global_colors_info=\u00bb{}\u00bb][et_pb_column type=\u00bb4_4&#8243; _builder_version=\u00bb4.16&#8243; custom_padding=\u00bb|||\u00bb global_colors_info=\u00bb{}\u00bb custom_padding__hover=\u00bb|||\u00bb][et_pb_text module_class=\u00bbP-Esquerra\u00bb _builder_version=\u00bb4.16&#8243; text_text_color=\u00bb#FFFFFF\u00bb header_2_text_color=\u00bb#FFFFFF\u00bb global_colors_info=\u00bb{}\u00bb]<\/p>\n<h2>Maquinaria y tecnolog\u00eda<\/h2>\n<p>En Also Casals disponemos de la maquinaria m\u00e1s moderna y de la tecnolog\u00eda m\u00e1s vanguardista para realizar todo tipo de obras, reparaciones y mantenimientos con el objetivo de conseguir los mejores resultados en los plazos de ejecuci\u00f3n previstos.<\/p>\n<p>[\/et_pb_text][\/et_pb_column][\/et_pb_row][\/et_pb_section][et_pb_section fb_built=\u00bb1&#8243; _builder_version=\u00bb4.16&#8243; global_colors_info=\u00bb{}\u00bb][et_pb_row column_structure=\u00bb1_2,1_2&#8243; _builder_version=\u00bb4.16&#8243; background_size=\u00bbinitial\u00bb background_position=\u00bbtop_left\u00bb background_repeat=\u00bbrepeat\u00bb global_colors_info=\u00bb{}\u00bb][et_pb_column type=\u00bb1_2&#8243; _builder_version=\u00bb4.16&#8243; custom_padding=\u00bb|||\u00bb global_colors_info=\u00bb{}\u00bb custom_padding__hover=\u00bb|||\u00bb][et_pb_text module_class=\u00bbP-Esquerra\u00bb _builder_version=\u00bb4.16&#8243; global_colors_info=\u00bb{}\u00bb]<\/p>\n<h2>Equipo de Also Casals<\/h2>\n<p>Gracias a un equipo humano formado por profesionales altamente cualificados en todos los sectores, elaboramos los estudios previos, los dise\u00f1os de la instalaci\u00f3n y llevamos a cabo los proyectos con total seguridad para trabajadores y usuarios, siempre teniendo en cuenta la m\u00e1xima eficiencia energ\u00e9tica y el m\u00ednimo impacto ambiental. En la actualidad, el equipo lo integran 62 trabajadores directos, de ellos 9 ingenieros en diversas especialidades: mec\u00e1nica (3), electricidad (4), telecomunicaciones (1) y construcci\u00f3n (1), adem\u00e1s se cuenta con 18 colaboradores subcontratados.[\/et_pb_text][\/et_pb_column][et_pb_column type=\u00bb1_2&#8243; _builder_version=\u00bb4.16&#8243; custom_padding=\u00bb|||\u00bb global_colors_info=\u00bb{}\u00bb custom_padding__hover=\u00bb|||\u00bb][et_pb_text module_class=\u00bbP-Esquerra\u00bb _builder_version=\u00bb4.16&#8243; global_colors_info=\u00bb{}\u00bb]<\/p>\n<h2>Seguridad<\/h2>\n<p>Hoy nos podemos sentir orgullosos de haber realizado todas nuestras instalaciones en el marco del Reglamento electrot\u00e9cnico de baja tensi\u00f3n, el C\u00f3digo t\u00e9cnico de la edificaci\u00f3n (CTE) y las normativas m\u00e1s exigentes. La protecci\u00f3n de las personas, la protecci\u00f3n de las instalaciones, as\u00ed como el correcto dise\u00f1o y la utilizaci\u00f3n de materiales de alta calidad nos han reportado la confianza y fidelidad de nuestros m\u00e1s de 700 clientes. [\/et_pb_text][\/et_pb_column][\/et_pb_row][\/et_pb_section][et_pb_section fb_built=\u00bb1&#8243; module_id=\u00bbcta-row\u00bb _builder_version=\u00bb4.16&#8243; background_color_gradient_direction=\u00bb1deg\u00bb background_image=\u00bbhttps:\/\/www.alsocasals.com\/wp-content\/uploads\/2019\/01\/group@2x.png\u00bb global_colors_info=\u00bb{}\u00bb][et_pb_row _builder_version=\u00bb4.16&#8243; global_colors_info=\u00bb{}\u00bb][et_pb_column type=\u00bb4_4&#8243; _builder_version=\u00bb4.16&#8243; custom_padding=\u00bb|||\u00bb global_colors_info=\u00bb{}\u00bb custom_padding__hover=\u00bb|||\u00bb][et_pb_image src=\u00bbhttps:\/\/www.alsocasals.com\/wp-content\/uploads\/2019\/02\/innovacio-servei-qualitat-fons-fosc.png\u00bb align=\u00bbcenter\u00bb align_tablet=\u00bbcenter\u00bb align_phone=\u00bbcenter\u00bb align_last_edited=\u00bbon|desktop\u00bb _builder_version=\u00bb4.16&#8243; global_colors_info=\u00bb{}\u00bb][\/et_pb_image][et_pb_cta title=\u00bb\u00a1Pide tu presupuesto personalizado sin ning\u00fan compromiso!\u00bb button_url=\u00bbhttps:\/\/www.alsocasals.com\/es\/contacto\/\u00bb button_text=\u00bbContacta con nosotros\u00bb module_class=\u00bbempresa-cta\u00bb _builder_version=\u00bb4.16&#8243; use_background_color=\u00bboff\u00bb global_colors_info=\u00bb{}\u00bb button_text_size__hover_enabled=\u00bboff\u00bb button_one_text_size__hover_enabled=\u00bboff\u00bb button_two_text_size__hover_enabled=\u00bboff\u00bb button_text_color__hover_enabled=\u00bboff\u00bb button_one_text_color__hover_enabled=\u00bboff\u00bb button_two_text_color__hover_enabled=\u00bboff\u00bb button_border_width__hover_enabled=\u00bboff\u00bb button_one_border_width__hover_enabled=\u00bboff\u00bb button_two_border_width__hover_enabled=\u00bboff\u00bb button_border_color__hover_enabled=\u00bboff\u00bb button_one_border_color__hover_enabled=\u00bboff\u00bb button_two_border_color__hover_enabled=\u00bboff\u00bb button_border_radius__hover_enabled=\u00bboff\u00bb button_one_border_radius__hover_enabled=\u00bboff\u00bb button_two_border_radius__hover_enabled=\u00bboff\u00bb button_letter_spacing__hover_enabled=\u00bboff\u00bb button_one_letter_spacing__hover_enabled=\u00bboff\u00bb button_two_letter_spacing__hover_enabled=\u00bboff\u00bb button_bg_color__hover_enabled=\u00bboff\u00bb button_one_bg_color__hover_enabled=\u00bboff\u00bb button_two_bg_color__hover_enabled=\u00bboff\u00bb][\/et_pb_cta][\/et_pb_column][\/et_pb_row][\/et_pb_section]<\/p>\n","protected":false},"excerpt":{"rendered":"<p>Sus or\u00edgenes Also Casals tiene sus or\u00edgenes en la creaci\u00f3n de Also Casals Instal\u00b7lacions en 1999, con el objetivo de satisfacer la demanda de un servicio integral en instalaciones presentes en las Terres de l\u2019Ebre (las 4 comarcas del sur de Catalu\u00f1a), el norte de Castell\u00f3n y el Bajo Arag\u00f3n. Desde la fecha, el compromiso [&hellip;]<\/p>\n","protected":false},"author":2,"featured_media":0,"parent":0,"menu_order":0,"comment_status":"closed","ping_status":"closed","template":"","meta":{"_et_pb_use_builder":"on","_et_pb_old_content":"","_et_gb_content_width":"","footnotes":""},"class_list":["post-1456","page","type-page","status-publish","hentry"],"yoast_head":"<!-- This site is optimized with the Yoast SEO plugin v27.5 - https:\/\/yoast.com\/product\/yoast-seo-wordpress\/ -->\n<title>Empresa - Also Casals Instal\u00b7lacions, servicio integral en Terres de l&#039;Ebre<\/title>\n<meta name=\"description\" content=\"Also Casals Instal\u00b7lacions somos una empresa de servicio integral de instalaciones presente en las Terres de l&#039;Ebre, Catalu\u00f1a, Valencia y Arag\u00f3n. Con\u00f3cenos\" \/>\n<meta name=\"robots\" content=\"index, follow, max-snippet:-1, max-image-preview:large, max-video-preview:-1\" \/>\n<link rel=\"canonical\" href=\"https:\/\/www.alsocasals.com\/es\/empresa\/\" \/>\n<meta property=\"og:locale\" content=\"es_ES\" \/>\n<meta property=\"og:type\" content=\"article\" \/>\n<meta property=\"og:title\" content=\"Empresa - Also Casals Instal\u00b7lacions, servicio integral en Terres de l&#039;Ebre\" \/>\n<meta property=\"og:description\" content=\"Also Casals Instal\u00b7lacions somos una empresa de servicio integral de instalaciones presente en las Terres de l&#039;Ebre, Catalu\u00f1a, Valencia y Arag\u00f3n. Con\u00f3cenos\" \/>\n<meta property=\"og:url\" content=\"https:\/\/www.alsocasals.com\/es\/empresa\/\" \/>\n<meta property=\"og:site_name\" content=\"Also Casals\" \/>\n<meta property=\"article:modified_time\" content=\"2024-02-02T14:59:57+00:00\" \/>\n<meta name=\"twitter:card\" content=\"summary_large_image\" \/>\n<meta name=\"twitter:label1\" content=\"Tiempo de lectura\" \/>\n\t<meta name=\"twitter:data1\" content=\"5 minutos\" \/>\n<script type=\"application\/ld+json\" class=\"yoast-schema-graph\">{\"@context\":\"https:\\\/\\\/schema.org\",\"@graph\":[{\"@type\":\"WebPage\",\"@id\":\"https:\\\/\\\/www.alsocasals.com\\\/es\\\/empresa\\\/\",\"url\":\"https:\\\/\\\/www.alsocasals.com\\\/es\\\/empresa\\\/\",\"name\":\"Empresa - Also Casals Instal\u00b7lacions, servicio integral en Terres de l'Ebre\",\"isPartOf\":{\"@id\":\"https:\\\/\\\/www.alsocasals.com\\\/es\\\/#website\"},\"datePublished\":\"2019-02-07T11:50:12+00:00\",\"dateModified\":\"2024-02-02T14:59:57+00:00\",\"description\":\"Also Casals Instal\u00b7lacions somos una empresa de servicio integral de instalaciones presente en las Terres de l'Ebre, Catalu\u00f1a, Valencia y Arag\u00f3n. Con\u00f3cenos\",\"breadcrumb\":{\"@id\":\"https:\\\/\\\/www.alsocasals.com\\\/es\\\/empresa\\\/#breadcrumb\"},\"inLanguage\":\"es\",\"potentialAction\":[{\"@type\":\"ReadAction\",\"target\":[\"https:\\\/\\\/www.alsocasals.com\\\/es\\\/empresa\\\/\"]}]},{\"@type\":\"BreadcrumbList\",\"@id\":\"https:\\\/\\\/www.alsocasals.com\\\/es\\\/empresa\\\/#breadcrumb\",\"itemListElement\":[{\"@type\":\"ListItem\",\"position\":1,\"name\":\"Portada\",\"item\":\"https:\\\/\\\/www.alsocasals.com\\\/es\\\/\"},{\"@type\":\"ListItem\",\"position\":2,\"name\":\"Also Casals: Integramos soluciones innovadoras y sostenibles\"}]},{\"@type\":\"WebSite\",\"@id\":\"https:\\\/\\\/www.alsocasals.com\\\/es\\\/#website\",\"url\":\"https:\\\/\\\/www.alsocasals.com\\\/es\\\/\",\"name\":\"Also Casals\",\"description\":\"Serveis Integrals d&#039;instal\u00b7lacions a les terres de l&#039;Ebre\",\"potentialAction\":[{\"@type\":\"SearchAction\",\"target\":{\"@type\":\"EntryPoint\",\"urlTemplate\":\"https:\\\/\\\/www.alsocasals.com\\\/es\\\/?s={search_term_string}\"},\"query-input\":{\"@type\":\"PropertyValueSpecification\",\"valueRequired\":true,\"valueName\":\"search_term_string\"}}],\"inLanguage\":\"es\"}]}<\/script>\n<!-- \/ Yoast SEO plugin. -->","yoast_head_json":{"title":"Empresa - Also Casals Instal\u00b7lacions, servicio integral en Terres de l'Ebre","description":"Also Casals Instal\u00b7lacions somos una empresa de servicio integral de instalaciones presente en las Terres de l'Ebre, Catalu\u00f1a, Valencia y Arag\u00f3n. Con\u00f3cenos","robots":{"index":"index","follow":"follow","max-snippet":"max-snippet:-1","max-image-preview":"max-image-preview:large","max-video-preview":"max-video-preview:-1"},"canonical":"https:\/\/www.alsocasals.com\/es\/empresa\/","og_locale":"es_ES","og_type":"article","og_title":"Empresa - Also Casals Instal\u00b7lacions, servicio integral en Terres de l'Ebre","og_description":"Also Casals Instal\u00b7lacions somos una empresa de servicio integral de instalaciones presente en las Terres de l'Ebre, Catalu\u00f1a, Valencia y Arag\u00f3n. Con\u00f3cenos","og_url":"https:\/\/www.alsocasals.com\/es\/empresa\/","og_site_name":"Also Casals","article_modified_time":"2024-02-02T14:59:57+00:00","twitter_card":"summary_large_image","twitter_misc":{"Tiempo de lectura":"5 minutos"},"schema":{"@context":"https:\/\/schema.org","@graph":[{"@type":"WebPage","@id":"https:\/\/www.alsocasals.com\/es\/empresa\/","url":"https:\/\/www.alsocasals.com\/es\/empresa\/","name":"Empresa - Also Casals Instal\u00b7lacions, servicio integral en Terres de l'Ebre","isPartOf":{"@id":"https:\/\/www.alsocasals.com\/es\/#website"},"datePublished":"2019-02-07T11:50:12+00:00","dateModified":"2024-02-02T14:59:57+00:00","description":"Also Casals Instal\u00b7lacions somos una empresa de servicio integral de instalaciones presente en las Terres de l'Ebre, Catalu\u00f1a, Valencia y Arag\u00f3n. Con\u00f3cenos","breadcrumb":{"@id":"https:\/\/www.alsocasals.com\/es\/empresa\/#breadcrumb"},"inLanguage":"es","potentialAction":[{"@type":"ReadAction","target":["https:\/\/www.alsocasals.com\/es\/empresa\/"]}]},{"@type":"BreadcrumbList","@id":"https:\/\/www.alsocasals.com\/es\/empresa\/#breadcrumb","itemListElement":[{"@type":"ListItem","position":1,"name":"Portada","item":"https:\/\/www.alsocasals.com\/es\/"},{"@type":"ListItem","position":2,"name":"Also Casals: Integramos soluciones innovadoras y sostenibles"}]},{"@type":"WebSite","@id":"https:\/\/www.alsocasals.com\/es\/#website","url":"https:\/\/www.alsocasals.com\/es\/","name":"Also Casals","description":"Serveis Integrals d&#039;instal\u00b7lacions a les terres de l&#039;Ebre","potentialAction":[{"@type":"SearchAction","target":{"@type":"EntryPoint","urlTemplate":"https:\/\/www.alsocasals.com\/es\/?s={search_term_string}"},"query-input":{"@type":"PropertyValueSpecification","valueRequired":true,"valueName":"search_term_string"}}],"inLanguage":"es"}]}},"_links":{"self":[{"href":"https:\/\/www.alsocasals.com\/es\/wp-json\/wp\/v2\/pages\/1456","targetHints":{"allow":["GET"]}}],"collection":[{"href":"https:\/\/www.alsocasals.com\/es\/wp-json\/wp\/v2\/pages"}],"about":[{"href":"https:\/\/www.alsocasals.com\/es\/wp-json\/wp\/v2\/types\/page"}],"author":[{"embeddable":true,"href":"https:\/\/www.alsocasals.com\/es\/wp-json\/wp\/v2\/users\/2"}],"replies":[{"embeddable":true,"href":"https:\/\/www.alsocasals.com\/es\/wp-json\/wp\/v2\/comments?post=1456"}],"version-history":[{"count":36,"href":"https:\/\/www.alsocasals.com\/es\/wp-json\/wp\/v2\/pages\/1456\/revisions"}],"predecessor-version":[{"id":9972,"href":"https:\/\/www.alsocasals.com\/es\/wp-json\/wp\/v2\/pages\/1456\/revisions\/9972"}],"wp:attachment":[{"href":"https:\/\/www.alsocasals.com\/es\/wp-json\/wp\/v2\/media?parent=1456"}],"curies":[{"name":"wp","href":"https:\/\/api.w.org\/{rel}","templated":true}]}}